{"id":101,"date":"2020-08-11T19:00:25","date_gmt":"2020-08-11T17:00:25","guid":{"rendered":"http:\/\/aikido-uccle.be\/?page_id=101"},"modified":"2020-08-11T21:20:06","modified_gmt":"2020-08-11T19:20:06","slug":"infos-pratiques","status":"publish","type":"page","link":"https:\/\/aikido-uccle.be\/index.php\/infos-pratiques\/","title":{"rendered":"Infos pratiques"},"content":{"rendered":"\n<p><strong>Vous voulez essayer l&rsquo;a\u00efkido traditionnel?<br>Passez faire un cours d&rsquo;essai au dojo !<\/strong><\/p>\n\n\n\n<p>Les cours enfants (de 6 \u00e0 11 ans) ont lieu le samedi \u00e0 9h30, 946 Chauss\u00e9e d\u2019Alsemberg &#8211; 1180 Uccle et les mercredi \u00e0 18h, 20 Place Saint-Job &#8211; 1180 Uccle.<\/p>\n\n\n\n<p>Les cours adultes (\u00e0 partir de 12 ans) ont lieu les mardis et les mercredis \u00e0 19h, Place Saint-Job et, les samedis \u00e0 10h30, Chauss\u00e9e d&rsquo;Alsemberg.<\/p>\n\n\n\n<p>Si vous avez besoin d&rsquo;informations, contactez-nous par t\u00e9l\u00e9phone ou par mail. <br>+32 485 022 349 |\u00a0<a href=\"mailto:aikido.uccle@gmail.com\">aikido.uccle@gmail.com<\/a><\/p>\n\n\n\n<p>L&rsquo;a\u00efkido se pratique pieds nus, en tenue traditionnelle. Mais pour un cours d&rsquo;essai, venez en tenue d\u00e9contract\u00e9e.<\/p>\n\n\n\n<figure class=\"wp-block-image size-large\"><img decoding=\"async\" src=\"https:\/\/aikido-uccle.be\/wp-content\/uploads\/2020\/08\/stage-Bruxelles-2019-Beno\u00eet-et-Charline-1024x728.jpg\" alt=\"\" class=\"wp-image-69\"\/><\/figure>\n","protected":false},"excerpt":{"rendered":"<p>Vous voulez essayer l&rsquo;a\u00efkido traditionnel?Passez faire un cours d&rsquo;essai au dojo ! Les cours enfants (de 6 \u00e0 11 ans) ont lieu le samedi \u00e0 9h30, 946 Chauss\u00e9e d\u2019Alsemberg &#8211; 1180 Uccle et les mercredi \u00e0 18h, 20 Place Saint-Job &#8211; 1180 Uccle. Les cours adultes (\u00e0 partir de 12 ans) ont lieu les mardis [&hellip;]<\/p>\n","protected":false},"author":1,"featured_media":0,"parent":0,"menu_order":0,"comment_status":"closed","ping_status":"closed","template":"","meta":{"footnotes":""},"class_list":["post-101","page","type-page","status-publish","hentry"],"_links":{"self":[{"href":"https:\/\/aikido-uccle.be\/index.php\/wp-json\/wp\/v2\/pages\/101","targetHints":{"allow":["GET"]}}],"collection":[{"href":"https:\/\/aikido-uccle.be\/index.php\/wp-json\/wp\/v2\/pages"}],"about":[{"href":"https:\/\/aikido-uccle.be\/index.php\/wp-json\/wp\/v2\/types\/page"}],"author":[{"embeddable":true,"href":"https:\/\/aikido-uccle.be\/index.php\/wp-json\/wp\/v2\/users\/1"}],"replies":[{"embeddable":true,"href":"https:\/\/aikido-uccle.be\/index.php\/wp-json\/wp\/v2\/comments?post=101"}],"version-history":[{"count":5,"href":"https:\/\/aikido-uccle.be\/index.php\/wp-json\/wp\/v2\/pages\/101\/revisions"}],"predecessor-version":[{"id":119,"href":"https:\/\/aikido-uccle.be\/index.php\/wp-json\/wp\/v2\/pages\/101\/revisions\/119"}],"wp:attachment":[{"href":"https:\/\/aikido-uccle.be\/index.php\/wp-json\/wp\/v2\/media?parent=101"}],"curies":[{"name":"wp","href":"https:\/\/api.w.org\/{rel}","templated":true}]}}