{"id":9,"date":"2020-08-10T22:54:48","date_gmt":"2020-08-10T20:54:48","guid":{"rendered":"http:\/\/aikido-uccle.be\/?page_id=9"},"modified":"2020-10-15T19:18:26","modified_gmt":"2020-10-15T17:18:26","slug":"accueil","status":"publish","type":"page","link":"https:\/\/aikido-uccle.be\/","title":{"rendered":"Essayez l&rsquo;a\u00efkido traditionnel !"},"content":{"rendered":"<p><b>L&rsquo;a\u00efkido est un art, une <a href=\"http:\/\/fr.wikipedia.org\/wiki\/Bud%C5%8D\" target=\"_blank\" rel=\"noopener noreferrer\">voie martiale<\/a>. Oppos\u00e9 \u00e0 toute id\u00e9e de comp\u00e9tition, chacun peut le pratiquer, quel que soit son \u00e2ge, son sexe ou sa condition physique. Le dojo Kimusubi fait partie de l&rsquo;\u00e9cole internationale d&rsquo;a\u00efkido d&rsquo;<a href=\"http:\/\/www.aikido-peyrache-art-martial.com\/\" target=\"_blank\" rel=\"noopener noreferrer\">Alain Peyrache S\u00f4ke<\/a>. Nous y pratiquons un a\u00efkido traditionnel, dans une ambiance sereine et conviviale.<\/b><\/p>\n<p>Un \u00e9l\u00e8ve :<em>&nbsp;\u00ab\u00a0Essayer n&rsquo;engage \u00e0 rien, mais il serait vraiment dommage de passer \u00e0 c\u00f4t\u00e9 du bien-\u00eatre et de la douceur de vivre que procure la pratique de l&rsquo;a\u00efkido ! Et c&rsquo;est surtout l&rsquo;efficacit\u00e9 martiale de l&rsquo;a\u00efkido qui est \u00e9patante !\u00a0\u00bb<\/em><\/p>\n\n\n<p>Pr\u00e9sentez-vous au d\u00e9but d&rsquo;un cours ou prenez contact par t\u00e9l\u00e9phone ou par mail, pour faire un cours d&rsquo;essai. C&rsquo;est gratuit et vous permet de voir si la discipline vous plait.<\/p>\n\n\n\n<p>Les cours ont lieu les mardis et mercredi soir et les samedis matins.<\/p>\n\n\n\n<p>Les inscriptions peuvent avoir lieu toute l&rsquo;ann\u00e9e.<\/p>\n\n\n\n<p>+32 4 85 02 23 49 | <a rel=\"noreferrer noopener\" href=\"mailto:aikido.uccle@gmail.com\" target=\"_blank\">aikido.uccle@gmail.com<\/a><\/p>\n\n\n\n<figure class=\"wp-block-image size-large\"><img loading=\"lazy\" decoding=\"async\" width=\"960\" height=\"642\" src=\"https:\/\/aikido-uccle.be\/wp-content\/uploads\/2020\/08\/LP-CT-jo-Penv\u00e9nan-2013.jpg\" alt=\"\" class=\"wp-image-65\" srcset=\"https:\/\/aikido-uccle.be\/wp-content\/uploads\/2020\/08\/LP-CT-jo-Penv\u00e9nan-2013.jpg 960w, https:\/\/aikido-uccle.be\/wp-content\/uploads\/2020\/08\/LP-CT-jo-Penv\u00e9nan-2013-300x201.jpg 300w, https:\/\/aikido-uccle.be\/wp-content\/uploads\/2020\/08\/LP-CT-jo-Penv\u00e9nan-2013-768x514.jpg 768w, https:\/\/aikido-uccle.be\/wp-content\/uploads\/2020\/08\/LP-CT-jo-Penv\u00e9nan-2013-830x555.jpg 830w, https:\/\/aikido-uccle.be\/wp-content\/uploads\/2020\/08\/LP-CT-jo-Penv\u00e9nan-2013-230x154.jpg 230w, https:\/\/aikido-uccle.be\/wp-content\/uploads\/2020\/08\/LP-CT-jo-Penv\u00e9nan-2013-350x234.jpg 350w, https:\/\/aikido-uccle.be\/wp-content\/uploads\/2020\/08\/LP-CT-jo-Penv\u00e9nan-2013-480x321.jpg 480w\" sizes=\"auto, (max-width: 960px) 100vw, 960px\" \/><\/figure>\n","protected":false},"excerpt":{"rendered":"<p>L&rsquo;a\u00efkido est un art, une voie martiale. Oppos\u00e9 \u00e0 toute id\u00e9e de comp\u00e9tition, chacun peut le pratiquer, quel que soit son \u00e2ge, son sexe ou sa condition physique. Le dojo Kimusubi fait partie de l&rsquo;\u00e9cole internationale d&rsquo;a\u00efkido d&rsquo;Alain Peyrache S\u00f4ke. Nous y pratiquons un a\u00efkido traditionnel, dans une ambiance sereine et conviviale. Un \u00e9l\u00e8ve :&nbsp;\u00ab\u00a0Essayer [&hellip;]<\/p>\n","protected":false},"author":1,"featured_media":0,"parent":0,"menu_order":0,"comment_status":"closed","ping_status":"closed","template":"","meta":{"footnotes":""},"class_list":["post-9","page","type-page","status-publish","hentry"],"_links":{"self":[{"href":"https:\/\/aikido-uccle.be\/index.php\/wp-json\/wp\/v2\/pages\/9","targetHints":{"allow":["GET"]}}],"collection":[{"href":"https:\/\/aikido-uccle.be\/index.php\/wp-json\/wp\/v2\/pages"}],"about":[{"href":"https:\/\/aikido-uccle.be\/index.php\/wp-json\/wp\/v2\/types\/page"}],"author":[{"embeddable":true,"href":"https:\/\/aikido-uccle.be\/index.php\/wp-json\/wp\/v2\/users\/1"}],"replies":[{"embeddable":true,"href":"https:\/\/aikido-uccle.be\/index.php\/wp-json\/wp\/v2\/comments?post=9"}],"version-history":[{"count":5,"href":"https:\/\/aikido-uccle.be\/index.php\/wp-json\/wp\/v2\/pages\/9\/revisions"}],"predecessor-version":[{"id":121,"href":"https:\/\/aikido-uccle.be\/index.php\/wp-json\/wp\/v2\/pages\/9\/revisions\/121"}],"wp:attachment":[{"href":"https:\/\/aikido-uccle.be\/index.php\/wp-json\/wp\/v2\/media?parent=9"}],"curies":[{"name":"wp","href":"https:\/\/api.w.org\/{rel}","templated":true}]}}