{"id":91,"date":"2020-08-11T18:36:49","date_gmt":"2020-08-11T16:36:49","guid":{"rendered":"http:\/\/aikido-uccle.be\/?page_id=91"},"modified":"2020-08-11T18:50:47","modified_gmt":"2020-08-11T16:50:47","slug":"laikido","status":"publish","type":"page","link":"https:\/\/aikido-uccle.be\/index.php\/laikido\/","title":{"rendered":"l&rsquo;A\u00efkido"},"content":{"rendered":"\n<p>L&rsquo;A\u00efkido, discipline fond\u00e9e au Japon dans la premi\u00e8re moiti\u00e9 du XXe si\u00e8cle par\u00a0<a href=\"https:\/\/fr.wikipedia.org\/wiki\/Morihei_Ueshiba\" target=\"_blank\" rel=\"noreferrer noopener\">Ma\u00eetre Ueshiba Morihei<\/a>, est un art \u00e0 la fois martial et pacifique.<br><br>Bien qu&rsquo;il soit une redoutable technique de combat, l&rsquo;A\u00efkido ne vise pas la destruction de l&rsquo;autre, mais tend au contraire \u00e0 permettre aux pratiquants de se construire eux-m\u00eames, en prenant conscience de leurs capacit\u00e9s comme de leurs limites. L&rsquo;attention que l&rsquo;A\u00efdoka porte \u00e0 son partenaire lui permet de d\u00e9velopper sa perception intuitive de l&rsquo;attaque et, sans jamais s&rsquo;y opposer, d&rsquo;utiliser la force contenue dans cette attaque afin qu&rsquo;elle se retourne contre l&rsquo;attaquant lui-m\u00eame. \u00a0<br><br>La pratique, qui, outre le travail \u00e0 mains nues, comporte aussi un travail au sabre (Bokken), au b\u00e2ton (Jo) et au couteau (Tanto), permet l&rsquo;entretien d&rsquo;une condition physique excellente et naturelle. Elle accro\u00eet les facult\u00e9s d&rsquo;adaptation en souplesse, d\u00e9veloppe une grande r\u00e9sistance aux stress de la vie moderne. \u00a0<\/p>\n\n\n\n<figure class=\"wp-block-image size-large\"><img loading=\"lazy\" decoding=\"async\" width=\"874\" height=\"770\" src=\"https:\/\/aikido-uccle.be\/wp-content\/uploads\/2020\/08\/Peyrache.jpg\" alt=\"\" class=\"wp-image-97\" srcset=\"https:\/\/aikido-uccle.be\/wp-content\/uploads\/2020\/08\/Peyrache.jpg 874w, https:\/\/aikido-uccle.be\/wp-content\/uploads\/2020\/08\/Peyrache-300x264.jpg 300w, https:\/\/aikido-uccle.be\/wp-content\/uploads\/2020\/08\/Peyrache-768x677.jpg 768w, https:\/\/aikido-uccle.be\/wp-content\/uploads\/2020\/08\/Peyrache-830x731.jpg 830w, https:\/\/aikido-uccle.be\/wp-content\/uploads\/2020\/08\/Peyrache-230x203.jpg 230w, https:\/\/aikido-uccle.be\/wp-content\/uploads\/2020\/08\/Peyrache-350x308.jpg 350w, https:\/\/aikido-uccle.be\/wp-content\/uploads\/2020\/08\/Peyrache-480x423.jpg 480w\" sizes=\"auto, (max-width: 874px) 100vw, 874px\" \/><\/figure>\n\n\n\n<p><strong><span class=\"has-inline-color has-vivid-red-color\">La pr\u00e9servation de soi en a\u00efkido est essentielle.<\/span><\/strong><\/p>\n\n\n\n<p>Elle se retrouve dans ces quelques principes :&nbsp;<br>&#8211; on ma\u00eetrise les mouvements&nbsp;<br>&#8211; on travaille entre partenaires et non adversaires&nbsp;<br>&#8211; on chute lorsqu&rsquo;on le souhaite&nbsp;<br>&#8211; on chute souplement et sans chocs&nbsp;<br>&#8211;&nbsp;on pratique des massages et exercices de soins du corps.&nbsp;<br>&nbsp;<br>L&rsquo;aikido se pratique sans danger, sans se d\u00e9truire. Conna\u00eetre ses limites c&rsquo;est de la ma\u00eetrise, les d\u00e9passer, de l\u2019inconscience. Savoir ce qu&rsquo;on doit faire, avec qui, quand, o\u00f9, comment, pourquoi ? c&rsquo;est la base de l&rsquo;\u00e9tude martiale, le seul moyen de survivre sur un champs de bataille. C&rsquo;est aussi l&rsquo;autonomie, la r\u00e9alisation de soi-m\u00eame, signification du terme \u00ab\u00a0do\u00a0\u00bb de a\u00efkido. &nbsp;<br>Cela dit, la pratique peut se r\u00e9v\u00e9ler tr\u00e8s dangereuse \u00e0 tout moment selon la volont\u00e9 de chacun car il est un art martial tr\u00e8s efficace. C&rsquo;est pourquoi il doit \u00eatre pratiqu\u00e9 par des gens \u00e9quilibr\u00e9s et sains. &nbsp;<br>Par cons\u00e9quent, l&rsquo;a\u00efkido pour \u00eatre ma\u00eetris\u00e9 et correctement utilis\u00e9, doit \u00eatre enseign\u00e9 par un professeur comp\u00e9tent. &nbsp;<br>Ceci explique aussi pourquoi le professeur choisit ses \u00e9l\u00e8ves. On ne met pas une arme dans les mains de n\u2019importe qui.&nbsp;<br>&nbsp;<br>La chute est une esquive en a\u00efkido. Elle doit donc pr\u00e9server celui qui chute car elle lui sert \u00e0 \u00e9chapper \u00e0 une situation qui pourrait gravement nuire \u00e0 son int\u00e9grit\u00e9 physique.&nbsp;<br>&nbsp;<br>\u00c0 l&rsquo;oppos\u00e9 d&rsquo;une pratique sportive qui s&rsquo;arr\u00eate \u00e0 35 ans, le corps compl\u00e8tement bris\u00e9, dop\u00e9, drogu\u00e9, l&rsquo;a\u00efkido peut se pratiquer jusqu&rsquo;\u00e0 un \u00e2ge tr\u00e8s avanc\u00e9 car il est exactement \u00e0 l&rsquo;oppos\u00e9 de la d\u00e9marche sportive.&nbsp;<br>&nbsp;<br>Pour le fondateur de l&rsquo;a\u00efkido, \u00ab\u00a0l&rsquo;a\u00efkido est le seul Budo o\u00f9 le pratiquant ne d\u00e9truit pas son corps, mais le rend encore plus solide, plus souple.\u00a0\u00bb Lui-m\u00eame pratiqua jusqu&rsquo;\u00e0 l\u2019\u00e2ge tr\u00e8s avanc\u00e9 de 87 ans.&nbsp;<br>&nbsp;<br>Quelle que soit notre constitution physique, notre age, notre sexe, tous nous pouvons pratiquer l\u2019a\u00efkido avec plaisir. En effet, c&rsquo;est une discipline que l&rsquo;on peut adapter \u00e0 soi et qui ne demande aucune performance, aucun rendement.<\/p>\n\n\n\n<p><strong><span class=\"has-inline-color has-vivid-red-color\">L&rsquo;a\u00efkido en quelques principes :<\/span><\/strong><\/p>\n\n\n\n<p>Kimusubi : on ne laisse pas le soin \u00e0 l&rsquo;adversaire de placer une attaque, on se donne le temps et l&rsquo;espace pour analyser la situation et r\u00e9agir de la mani\u00e8re la plus ad\u00e9quate.<\/p>\n\n\n\n<p>Ki no nagare : on accompagne le mouvement du partenaire, dans le sens qu&rsquo;il lui donne et jusqu&rsquo;\u00e0 ce qu&rsquo;il se vide de son \u00e9nergie, de sa force. Et c&rsquo;est \u00e0 ce moment-l\u00e0 qu&rsquo;on peut place une technique, ou manipuler son corps \u00e0 notre gr\u00e9.<\/p>\n\n\n\n<p>Ma a\u00ef : ce qui diff\u00e9rentie l&rsquo;a\u00efkido n&rsquo;est pas sa technique, ce sont ses principes. Si les principes d&rsquo;a\u00efkido sont en place, qu&rsquo;ils font partie de la pratique et de notre m\u00e9moire r\u00e9flexe, la bonne technique se placera au bon moment. Les techniques sont des outils pour \u00e9tudier les principes, en soi elles n&rsquo;ont pas d&rsquo;int\u00e9r\u00eat pour l&rsquo;a\u00efkido.<\/p>\n\n\n\n<p>Reishiki : la politesse extr\u00eame-orientale se traduit dans chacun des gestes que l&rsquo;ont pose au dojo et dans le cadre de l&rsquo;apprentissage de l&rsquo;a\u00efkido.  Elle est le contexte de l&rsquo;existence de l&rsquo;a\u00efkido. Et elle fait partie de son apprentissage.<\/p>\n\n\n\n<figure class=\"wp-block-embed-youtube wp-block-embed is-type-video is-provider-youtube wp-embed-aspect-4-3 wp-has-aspect-ratio\"><div class=\"wp-block-embed__wrapper\">\n<iframe loading=\"lazy\" title=\"Morihei Ueshiba O Sensei - Rare Aikido Demonstration (1957) \u5408\u6c17\u9053\u690d\u829d \u76db\u5e73\" width=\"1170\" height=\"878\" src=\"https:\/\/www.youtube.com\/embed\/30Sa0PLquFg?feature=oembed\" frameborder=\"0\" allow=\"accelerometer; autoplay; encrypted-media; gyroscope; picture-in-picture\" allowfullscreen><\/iframe>\n<\/div><figcaption>Apprendre \u00e0 se comporter comme il se doit dans un dojo, savoir o\u00f9 est la place de chaque chose, sont les conditions de la connaissance de l&rsquo;a\u00efkido. Au cours, nous apprenons ces aspects avec rigueur et indulgence.<\/figcaption><\/figure>\n\n\n\n<p><\/p>\n","protected":false},"excerpt":{"rendered":"<p>L&rsquo;A\u00efkido, discipline fond\u00e9e au Japon dans la premi\u00e8re moiti\u00e9 du XXe si\u00e8cle par\u00a0Ma\u00eetre Ueshiba Morihei, est un art \u00e0 la fois martial et pacifique. Bien qu&rsquo;il soit une redoutable technique de combat, l&rsquo;A\u00efkido ne vise pas la destruction de l&rsquo;autre, mais tend au contraire \u00e0 permettre aux pratiquants de se construire eux-m\u00eames, en prenant conscience [&hellip;]<\/p>\n","protected":false},"author":1,"featured_media":0,"parent":0,"menu_order":0,"comment_status":"closed","ping_status":"closed","template":"","meta":{"footnotes":""},"class_list":["post-91","page","type-page","status-publish","hentry"],"_links":{"self":[{"href":"https:\/\/aikido-uccle.be\/index.php\/wp-json\/wp\/v2\/pages\/91","targetHints":{"allow":["GET"]}}],"collection":[{"href":"https:\/\/aikido-uccle.be\/index.php\/wp-json\/wp\/v2\/pages"}],"about":[{"href":"https:\/\/aikido-uccle.be\/index.php\/wp-json\/wp\/v2\/types\/page"}],"author":[{"embeddable":true,"href":"https:\/\/aikido-uccle.be\/index.php\/wp-json\/wp\/v2\/users\/1"}],"replies":[{"embeddable":true,"href":"https:\/\/aikido-uccle.be\/index.php\/wp-json\/wp\/v2\/comments?post=91"}],"version-history":[{"count":3,"href":"https:\/\/aikido-uccle.be\/index.php\/wp-json\/wp\/v2\/pages\/91\/revisions"}],"predecessor-version":[{"id":100,"href":"https:\/\/aikido-uccle.be\/index.php\/wp-json\/wp\/v2\/pages\/91\/revisions\/100"}],"wp:attachment":[{"href":"https:\/\/aikido-uccle.be\/index.php\/wp-json\/wp\/v2\/media?parent=91"}],"curies":[{"name":"wp","href":"https:\/\/api.w.org\/{rel}","templated":true}]}}